{"id":1356,"date":"2024-01-19T13:08:35","date_gmt":"2024-01-19T12:08:35","guid":{"rendered":"http:\/\/silafuente.d511.dinaserver.com\/avis-legal\/"},"modified":"2024-04-04T11:26:46","modified_gmt":"2024-04-04T09:26:46","slug":"avis-legal","status":"publish","type":"page","link":"https:\/\/www.silafuente.es\/ca\/avis-legal\/","title":{"rendered":"Av\u00eds Legal"},"content":{"rendered":"\n<p><strong>Av\u00eds Legal<\/strong><\/p>\n\n<p>Dades Identificatives: En compliment amb el deure informaci\u00f3 recollit a l&#8217;article 10 de la Llei 34\/2002, d&#8217;11 de juliol, de Serveis de la Societat de la Informaci\u00f3 i del Comer\u00e7 Electr\u00f2nic, a continuaci\u00f3 es reflecteixen les dades seg\u00fcents:<\/p>\n\n<p>L&#8217;empresa titular d&#8217;aquest website \u00e9s LAFUENTE SERVICIOS INTEGRALES SL. amb domicili a Comte Alessandro Volta, 2-4-6 Bloc III 46980 Paterna Val\u00e8ncia, amb n\u00famero de C.I.F: B96265020, inscrita en el Registre Mercantil de Val\u00e8ncia al tom 9854, foli 48, llibre 7136, full V-33797, inscripci\u00f3 6.<\/p>\n\n<p>Correu electr\u00f2nic de contacte info@silafuente.es<\/p>\n\n<p>Usuaris: L&#8217;acc\u00e9s i\/o \u00fas del Lloc web www.silafuente.es atribueix la condici\u00f3 d&#8217;USUARI, que accepta, des d&#8217;aquest acc\u00e9s i\/o \u00fas, les Condicions Generals d&#8217;\u00das reflectides aqu\u00ed. Les Condicions esmentades seran aplicables independentment de les Condicions Particulars que, si s&#8217;escau, regeixin la utilitzaci\u00f3 del Lloc web o dels serveis vinculats a aquest. La prestaci\u00f3 del servei del lloc web t\u00e9 car\u00e0cter gratu\u00eft.<\/p>\n\n<p>Quan l&#8217;USUARI es registri i aporti dades personals per poder accedir a algun dels serveis espec\u00edfics, a la recollida i el tractament de les dades personals dels USUARIS li ser\u00e0 aplicable el que disposa l&#8217;ep\u00edgraf sobre Seguretat i Protecci\u00f3 de dades de car\u00e0cter personal.<\/p>\n\n<p>Obligacions de l&#8217;usuari: El simple acc\u00e9s, navegaci\u00f3 i \u00fas del Lloc Web comporta i suposa l&#8217;acceptaci\u00f3 per l&#8217;Usuari de l&#8217;Av\u00eds Legal vigent i publicat a cada moment.<\/p>\n\n<p>El Lloc web de www.silafuente.es proporciona l&#8217;acc\u00e9s a multitud d&#8217;informaci\u00f3, serveis, programes o dades (d&#8217;ara endavant, \u201cels continguts\u201d) a Internet pertanyents a LAFUENTE o als seus llicenciants als quals l&#8217;USUARI hi pugui tenir acc\u00e9s.<\/p>\n\n<p>L&#8217;USUARI assumeix la responsabilitat de l&#8217;\u00fas del PORTAL. Aquesta responsabilitat s&#8217;est\u00e9n al registre necessari per accedir a determinats serveis o continguts. En aquest registre, l&#8217;USUARI ser\u00e0 responsable d&#8217;aportar informaci\u00f3 vera\u00e7 i l\u00edcita. Com a conseq\u00fc\u00e8ncia d&#8217;aquest registre, a l&#8217;USUARI se li pot proporcionar una contrasenya sobre la qual ser\u00e0 responsable, comprometent-se a fer-ne un \u00fas diligent i confidencial.<\/p>\n\n<p>L&#8217;USUARI es compromet a fer un \u00fas adequat dels continguts i serveis que LAFUENTE ofereix a trav\u00e9s del seu lloc web i amb car\u00e0cter enunciatiu per\u00f2 no limitatiu, a no emprar-los perara (i) inc\u00f3rrer en activitats il\u00b7l\u00edcites, il\u00b7legals o contr\u00e0ries a la bona fe ia l&#8217;ordre p\u00fablic; (ii) difondre continguts o propaganda de car\u00e0cter racista, xen\u00f2fob, pornogr\u00e0fic-il\u00b7legal, d&#8217;apologia del terrorisme o atemptatori contra els drets humans; (iii) provocar danys als sistemes f\u00edsics i l\u00f2gics de www.silafuente.es, dels seus prove\u00efdors o de terceres persones, introduir o difondre a la xarxa virus inform\u00e0tics o qualssevol altres sistemes f\u00edsics o l\u00f2gics que siguin susceptibles de provocar els danys anteriorment esmentats ; (iv) intentar accedir i, si escau, utilitzar els comptes de correu electr\u00f2nic d&#8217;altres usuaris i modificar-ne o manipular-ne els missatges.<\/p>\n\n<p>LAFUENTE es reserva el dret de retirar tots aquells comentaris i aportacions que vulnerin el respecte a la dignitat de la persona, que siguin discriminatoris, xen\u00f2fobs, racistes, pornogr\u00e0fics, que atemptin contra la joventut o la inf\u00e0ncia, l&#8217;ordre o la seguretat p\u00fablica o que , al seu parer, no resultaran adequats per a la publicaci\u00f3.<\/p>\n\n<p>En qualsevol cas, LAFUENTE no ser\u00e0 responsable de les opinions abocades pels usuaris a trav\u00e9s dels f\u00f2rums, missatges, o altres eines de participaci\u00f3, si escau.<\/p>\n\n<p>Propietat intel\u00b7lectual i industrial: LAFUENTE per si o com a cession\u00e0ria, \u00e9s titular de tots els drets de propietat intel\u00b7lectual i industrial de les seves p\u00e0gines webs, aix\u00ed com dels elements continguts en aquest (a t\u00edtol enunciatiu, imatges, so, \u00e0udio, v\u00eddeo, programari o textos, marques o logotips, combinacions de colors, estructura i disseny, selecci\u00f3 de materials usats, programes dordinador necessaris per al seu funcionament, acc\u00e9s i \u00fas, etc.).<\/p>\n\n<p>L&#8217;usuari es compromet a respectar els drets de propietat intel\u00b7lectual i industrial titularitat de LAFUENTE. L&#8217;acc\u00e9s, navegaci\u00f3, utilitzaci\u00f3, emmagatzematge i desc\u00e0rregues del contingut, per part de l&#8217;usuari al lloc web no li atorga cap dret de propietat sobre aquests.<\/p>\n\n<p>En conseq\u00fc\u00e8ncia, l&#8217;\u00fas dels continguts del lloc web per part de l&#8217;usuari ser\u00e0 per a \u00fas privat i, sempre que, amb aix\u00f2 no infringeixi el copyright o qualsevol altre dret de LAFUENTE. Aquesta autoritzaci\u00f3 de c\u00f2pia privada no implica la concessi\u00f3 de llic\u00e8ncia o cap dret d&#8217;explotaci\u00f3 a favor de l&#8217;usuari.<\/p>\n\n<p>Exclusi\u00f3 de garanties i responsabilitat: LAFUENTE ha adoptat totes les mesures necess\u00e0ries, dins de les seves possibilitats i de l&#8217;estat de la tecnologia, per garantir el funcionament del Lloc Web i evitar l&#8217;exist\u00e8ncia i la transmissi\u00f3 de virus i altres components perjudicials als Usuaris.<\/p>\n\n<p>L&#8217;Usuari ha de saber que les comunicacions mitjan\u00e7ant xarxes obertes estan exposades a una pluralitat d&#8217;amenaces que fa que no siguin segures. \u00c9s responsabilitat de l&#8217;Usuari adoptar totes les mesures t\u00e8cniques adequades per controlar raonablement aquestes amenaces i, entre elles, tenir sistemes actualitzats de detecci\u00f3 de programari malici\u00f3s, tals com virus, troians, etc., aix\u00ed com tenir actualitzats els pegats de seguretat dels corresponents navegadors.<\/p>\n\n<p>LAFUENTE no es fa responsable, en cap cas, dels danys i perjudicis de qualsevol naturalesa que poguessin ocasionar.<\/p>\n\n<p>LAFUENTE no garanteix la manca disponibilitat, manteniment i efectiu funcionament del Lloc Web i\/o dels seus serveis. Tot i aix\u00f2, posar\u00e0 els seus millors esfor\u00e7os a procurar que el Lloc Web estigui accessible i en ple funcionament tot el temps.<\/p>\n\n<p>\u00das de cookies: El lloc web de www.silafuente.es utilitza cookies (petits arxius d&#8217;informaci\u00f3 que el servidor envia a l&#8217;ordinador de qui accedeix a la p\u00e0gina) per al correcte funcionament i visualitzaci\u00f3 dels llocs web per part de l&#8217;usuari, aix\u00ed com la recollida de les estad\u00edstiques. Per a m\u00e9s informaci\u00f3 accediu a la nostra Pol\u00edtica de cookies.<\/p>\n\n<p>Enlla\u00e7os: Els enlla\u00e7os continguts al nostre lloc web poden adre\u00e7ar a continguts Web de tercers. L&#8217;objectiu d&#8217;aquests enlla\u00e7os \u00e9s \u00fanicament facilitar-vos la cerca dels recursos que us puguin interessar a trav\u00e9s d&#8217;Internet.<\/p>\n\n<p>LAFUENTE no assumeix cap responsabilitat pel contingut, informacions o serveis que poguessin apar\u00e8ixer en aquests llocs, que tindran exclusivament car\u00e0cter informatiu i que en cap cas impliquen cap relaci\u00f3 entre LAFUENTE i les persones o entitats titulars de tals continguts o titulars dels llocs on es trobin.<\/p>\n\n<p>Els enlla\u00e7os a les web de LAFUENTE hauran de respectar les condicions seg\u00fcents:<\/p>\n\n<p>\u00b7 L&#8217;establiment de l&#8217;enlla\u00e7 no suposar\u00e0 cap tipus d&#8217;acord, contracte, patrocini ni recomanaci\u00f3 per part de LAFUENTE de la p\u00e0gina que fa l&#8217;enlla\u00e7.<\/p>\n\n<p>\u00b7 La p\u00e0gina web on s&#8217;estableixi l&#8217;hiperenlla\u00e7 no contindr\u00e0 informacions amb continguts que siguin il\u00b7l\u00edcits, discriminatoris, contraris als principis \u00e8tics comunament acceptats o atemptin contra l&#8217;ordre p\u00fablic, aix\u00ed com tampoc contindr\u00e0 continguts contraris a qualsevol dret de tercers.<\/p>\n\n<p>\u00b7 LAFUENTE podr\u00e0 sol\u00b7licitar que es retiri un enlla\u00e7 a la seva web, sense necessitat d&#8217;al\u00b7legar cap causa. En aquest cas, la p\u00e0gina que hagi realitzat l&#8217;enlla\u00e7 haur\u00e0 de procedir a suprimir-la immediatament, tan aviat com rebi la notificaci\u00f3 de LAFUENTE.<\/p>\n\n<p>\u00b7 No es responsabilitza de cap manera ni garanteix la qualitat, exactitud, fiabilitat, correcci\u00f3 o moralitat de continguts o serveis que l&#8217;establiment de l&#8217;hiperenlla\u00e7 pugui oferir. L&#8217;usuari assumeix sota la seva responsabilitat exclusiva les conseq\u00fc\u00e8ncies, danys o accions que es puguin derivar de l&#8217;acc\u00e9s a la p\u00e0gina web de l&#8217;hiperenlla\u00e7.<\/p>\n\n<p>\u00b7 La p\u00e0gina web on s&#8217;estableixi l&#8217;hiperenlla\u00e7 no podr\u00e0 contenir marca, denominaci\u00f3, logotip, esl\u00f2gan o altres signes distintius pertanyents a LAFUENTE excepte aquells signes que formin part del mateix hiperenlla\u00e7.<\/p>\n\n<p>Generalitats: LAFUENTE perseguir\u00e0 l&#8217;incompliment de les presents condicions aix\u00ed com qualsevol utilitzaci\u00f3 indeguda de llocs web exercint totes les accions civils i penals que li puguin correspondre en dret.<\/p>\n\n<p>Modificacions de les presents condicions i durada: LAFUENTE, es reserva el dret d&#8217;efectuar, en qualsevol moment i sense av\u00eds previ, qualsevol modificaci\u00f3 que consideri oportuna al seu lloc web<\/p>\n\n<p>LAFUENTE podr\u00e0 modificar en qualsevol moment les condicions aqu\u00ed determinades, sent degudament publicades com aqu\u00ed apareixen. La vig\u00e8ncia de les condicions esmentades coincideix amb el temps de la seva exposici\u00f3, fins que siguin modificades totalment o parcialment, moment en el qual passaran a tenir vig\u00e8ncia des del moment de la seva modificaci\u00f3 i publicaci\u00f3 al lloc web.<\/p>\n\n<p>Legislaci\u00f3 aplicable i jurisdicci\u00f3: La relaci\u00f3 entre LAFUENTE i l&#8217;USUARI es regir\u00e0 per la normativa espanyola vigent i qualsevol controv\u00e8rsia se sotmetr\u00e0 als jutjats i tribunals de la ciutat de Val\u00e8ncia.<\/p>\n","protected":false},"excerpt":{"rendered":"<p>Av\u00eds Legal Dades Identificatives: En compliment amb el deure informaci\u00f3 recollit a l&#8217;article 10 de la Llei 34\/2002, d&#8217;11 de juliol, de Serveis de la Societat de la Informaci\u00f3 i del Comer\u00e7 Electr\u00f2nic, a continuaci\u00f3 es reflecteixen les dades seg\u00fcents: L&#8217;empresa titular d&#8217;aquest website \u00e9s LAFUENTE SERVICIOS INTEGRALES SL. amb domicili a Comte Alessandro Volta, [&hellip;]<\/p>\n","protected":false},"author":1,"featured_media":0,"parent":0,"menu_order":0,"comment_status":"closed","ping_status":"closed","template":"","meta":{"footnotes":""},"class_list":["post-1356","page","type-page","status-publish","hentry"],"yoast_head":"<!-- This site is optimized with the Yoast SEO plugin v27.5 - https:\/\/yoast.com\/product\/yoast-seo-wordpress\/ -->\n<title>Av\u00eds Legal - Lafuente Servicios de Limpieza - Silafuente<\/title>\n<meta name=\"robots\" content=\"index, follow, max-snippet:-1, max-image-preview:large, max-video-preview:-1\" \/>\n<link rel=\"canonical\" href=\"https:\/\/www.silafuente.es\/ca\/avis-legal\/\" \/>\n<meta property=\"og:locale\" content=\"en_US\" \/>\n<meta property=\"og:type\" content=\"article\" \/>\n<meta property=\"og:title\" content=\"Av\u00eds Legal - Lafuente Servicios de Limpieza - Silafuente\" \/>\n<meta property=\"og:description\" content=\"Av\u00eds Legal Dades Identificatives: En compliment amb el deure informaci\u00f3 recollit a l&#8217;article 10 de la Llei 34\/2002, d&#8217;11 de juliol, de Serveis de la Societat de la Informaci\u00f3 i del Comer\u00e7 Electr\u00f2nic, a continuaci\u00f3 es reflecteixen les dades seg\u00fcents: L&#8217;empresa titular d&#8217;aquest website \u00e9s LAFUENTE SERVICIOS INTEGRALES SL. amb domicili a Comte Alessandro Volta, [&hellip;]\" \/>\n<meta property=\"og:url\" content=\"https:\/\/www.silafuente.es\/ca\/avis-legal\/\" \/>\n<meta property=\"og:site_name\" content=\"Lafuente Servicios de Limpieza - Silafuente\" \/>\n<meta property=\"article:modified_time\" content=\"2024-04-04T09:26:46+00:00\" \/>\n<meta name=\"twitter:card\" content=\"summary_large_image\" \/>\n<meta name=\"twitter:label1\" content=\"Est. reading time\" \/>\n\t<meta name=\"twitter:data1\" content=\"7 minutes\" \/>\n<script type=\"application\/ld+json\" class=\"yoast-schema-graph\">{\"@context\":\"https:\\\/\\\/schema.org\",\"@graph\":[{\"@type\":\"WebPage\",\"@id\":\"https:\\\/\\\/www.silafuente.es\\\/ca\\\/avis-legal\\\/\",\"url\":\"https:\\\/\\\/www.silafuente.es\\\/ca\\\/avis-legal\\\/\",\"name\":\"Av\u00eds Legal - Lafuente Servicios de Limpieza - Silafuente\",\"isPartOf\":{\"@id\":\"https:\\\/\\\/www.silafuente.es\\\/#website\"},\"datePublished\":\"2024-01-19T12:08:35+00:00\",\"dateModified\":\"2024-04-04T09:26:46+00:00\",\"breadcrumb\":{\"@id\":\"https:\\\/\\\/www.silafuente.es\\\/ca\\\/avis-legal\\\/#breadcrumb\"},\"inLanguage\":\"va\",\"potentialAction\":[{\"@type\":\"ReadAction\",\"target\":[\"https:\\\/\\\/www.silafuente.es\\\/ca\\\/avis-legal\\\/\"]}]},{\"@type\":\"BreadcrumbList\",\"@id\":\"https:\\\/\\\/www.silafuente.es\\\/ca\\\/avis-legal\\\/#breadcrumb\",\"itemListElement\":[{\"@type\":\"ListItem\",\"position\":1,\"name\":\"Portada\",\"item\":\"https:\\\/\\\/www.silafuente.es\\\/\"},{\"@type\":\"ListItem\",\"position\":2,\"name\":\"Av\u00eds Legal\"}]},{\"@type\":\"WebSite\",\"@id\":\"https:\\\/\\\/www.silafuente.es\\\/#website\",\"url\":\"https:\\\/\\\/www.silafuente.es\\\/\",\"name\":\"Lafuente Servicios de Limpieza - Silafuente\",\"description\":\"\",\"publisher\":{\"@id\":\"https:\\\/\\\/www.silafuente.es\\\/#organization\"},\"potentialAction\":[{\"@type\":\"SearchAction\",\"target\":{\"@type\":\"EntryPoint\",\"urlTemplate\":\"https:\\\/\\\/www.silafuente.es\\\/?s={search_term_string}\"},\"query-input\":{\"@type\":\"PropertyValueSpecification\",\"valueRequired\":true,\"valueName\":\"search_term_string\"}}],\"inLanguage\":\"va\"},{\"@type\":\"Organization\",\"@id\":\"https:\\\/\\\/www.silafuente.es\\\/#organization\",\"name\":\"Lafuente Servicios de Limpieza - Silafuente\",\"url\":\"https:\\\/\\\/www.silafuente.es\\\/\",\"logo\":{\"@type\":\"ImageObject\",\"inLanguage\":\"va\",\"@id\":\"https:\\\/\\\/www.silafuente.es\\\/#\\\/schema\\\/logo\\\/image\\\/\",\"url\":\"https:\\\/\\\/www.silafuente.es\\\/wp-content\\\/uploads\\\/2024\\\/04\\\/cropped-favicon_LaFuente.png\",\"contentUrl\":\"https:\\\/\\\/www.silafuente.es\\\/wp-content\\\/uploads\\\/2024\\\/04\\\/cropped-favicon_LaFuente.png\",\"width\":512,\"height\":512,\"caption\":\"Lafuente Servicios de Limpieza - Silafuente\"},\"image\":{\"@id\":\"https:\\\/\\\/www.silafuente.es\\\/#\\\/schema\\\/logo\\\/image\\\/\"}}]}<\/script>\n<!-- \/ Yoast SEO plugin. -->","yoast_head_json":{"title":"Av\u00eds Legal - Lafuente Servicios de Limpieza - Silafuente","robots":{"index":"index","follow":"follow","max-snippet":"max-snippet:-1","max-image-preview":"max-image-preview:large","max-video-preview":"max-video-preview:-1"},"canonical":"https:\/\/www.silafuente.es\/ca\/avis-legal\/","og_locale":"en_US","og_type":"article","og_title":"Av\u00eds Legal - Lafuente Servicios de Limpieza - Silafuente","og_description":"Av\u00eds Legal Dades Identificatives: En compliment amb el deure informaci\u00f3 recollit a l&#8217;article 10 de la Llei 34\/2002, d&#8217;11 de juliol, de Serveis de la Societat de la Informaci\u00f3 i del Comer\u00e7 Electr\u00f2nic, a continuaci\u00f3 es reflecteixen les dades seg\u00fcents: L&#8217;empresa titular d&#8217;aquest website \u00e9s LAFUENTE SERVICIOS INTEGRALES SL. amb domicili a Comte Alessandro Volta, [&hellip;]","og_url":"https:\/\/www.silafuente.es\/ca\/avis-legal\/","og_site_name":"Lafuente Servicios de Limpieza - Silafuente","article_modified_time":"2024-04-04T09:26:46+00:00","twitter_card":"summary_large_image","twitter_misc":{"Est. reading time":"7 minutes"},"schema":{"@context":"https:\/\/schema.org","@graph":[{"@type":"WebPage","@id":"https:\/\/www.silafuente.es\/ca\/avis-legal\/","url":"https:\/\/www.silafuente.es\/ca\/avis-legal\/","name":"Av\u00eds Legal - Lafuente Servicios de Limpieza - Silafuente","isPartOf":{"@id":"https:\/\/www.silafuente.es\/#website"},"datePublished":"2024-01-19T12:08:35+00:00","dateModified":"2024-04-04T09:26:46+00:00","breadcrumb":{"@id":"https:\/\/www.silafuente.es\/ca\/avis-legal\/#breadcrumb"},"inLanguage":"va","potentialAction":[{"@type":"ReadAction","target":["https:\/\/www.silafuente.es\/ca\/avis-legal\/"]}]},{"@type":"BreadcrumbList","@id":"https:\/\/www.silafuente.es\/ca\/avis-legal\/#breadcrumb","itemListElement":[{"@type":"ListItem","position":1,"name":"Portada","item":"https:\/\/www.silafuente.es\/"},{"@type":"ListItem","position":2,"name":"Av\u00eds Legal"}]},{"@type":"WebSite","@id":"https:\/\/www.silafuente.es\/#website","url":"https:\/\/www.silafuente.es\/","name":"Lafuente Servicios de Limpieza - Silafuente","description":"","publisher":{"@id":"https:\/\/www.silafuente.es\/#organization"},"potentialAction":[{"@type":"SearchAction","target":{"@type":"EntryPoint","urlTemplate":"https:\/\/www.silafuente.es\/?s={search_term_string}"},"query-input":{"@type":"PropertyValueSpecification","valueRequired":true,"valueName":"search_term_string"}}],"inLanguage":"va"},{"@type":"Organization","@id":"https:\/\/www.silafuente.es\/#organization","name":"Lafuente Servicios de Limpieza - Silafuente","url":"https:\/\/www.silafuente.es\/","logo":{"@type":"ImageObject","inLanguage":"va","@id":"https:\/\/www.silafuente.es\/#\/schema\/logo\/image\/","url":"https:\/\/www.silafuente.es\/wp-content\/uploads\/2024\/04\/cropped-favicon_LaFuente.png","contentUrl":"https:\/\/www.silafuente.es\/wp-content\/uploads\/2024\/04\/cropped-favicon_LaFuente.png","width":512,"height":512,"caption":"Lafuente Servicios de Limpieza - Silafuente"},"image":{"@id":"https:\/\/www.silafuente.es\/#\/schema\/logo\/image\/"}}]}},"_links":{"self":[{"href":"https:\/\/www.silafuente.es\/ca\/wp-json\/wp\/v2\/pages\/1356","targetHints":{"allow":["GET"]}}],"collection":[{"href":"https:\/\/www.silafuente.es\/ca\/wp-json\/wp\/v2\/pages"}],"about":[{"href":"https:\/\/www.silafuente.es\/ca\/wp-json\/wp\/v2\/types\/page"}],"author":[{"embeddable":true,"href":"https:\/\/www.silafuente.es\/ca\/wp-json\/wp\/v2\/users\/1"}],"replies":[{"embeddable":true,"href":"https:\/\/www.silafuente.es\/ca\/wp-json\/wp\/v2\/comments?post=1356"}],"version-history":[{"count":7,"href":"https:\/\/www.silafuente.es\/ca\/wp-json\/wp\/v2\/pages\/1356\/revisions"}],"predecessor-version":[{"id":25754,"href":"https:\/\/www.silafuente.es\/ca\/wp-json\/wp\/v2\/pages\/1356\/revisions\/25754"}],"wp:attachment":[{"href":"https:\/\/www.silafuente.es\/ca\/wp-json\/wp\/v2\/media?parent=1356"}],"curies":[{"name":"wp","href":"https:\/\/api.w.org\/{rel}","templated":true}]}}