{"id":25449,"date":"2024-01-11T17:13:45","date_gmt":"2024-01-11T16:13:45","guid":{"rendered":"https:\/\/test.silafuente.es\/compromis-social\/"},"modified":"2024-04-09T10:04:51","modified_gmt":"2024-04-09T08:04:51","slug":"compromis-social","status":"publish","type":"page","link":"https:\/\/www.silafuente.es\/ca\/compromis-social\/","title":{"rendered":"Comprom\u00eds Social"},"content":{"rendered":"\t\t<div data-elementor-type=\"wp-page\" data-elementor-id=\"25449\" class=\"elementor elementor-25449 elementor-562\" data-elementor-post-type=\"page\">\n\t\t\t\t<div class=\"elementor-element elementor-element-30e345e1 e-con-full e-flex e-con e-parent\" data-id=\"30e345e1\" data-element_type=\"container\" data-e-type=\"container\">\n\t\t<div class=\"elementor-element elementor-element-75dc2ce2 e-con-full e-flex e-con e-child\" data-id=\"75dc2ce2\" data-element_type=\"container\" data-e-type=\"container\" data-settings=\"{&quot;background_background&quot;:&quot;classic&quot;}\">\n\t\t\t\t<div class=\"elementor-element elementor-element-c1ee81b elementor-widget elementor-widget-heading\" data-id=\"c1ee81b\" data-element_type=\"widget\" data-e-type=\"widget\" data-widget_type=\"heading.default\">\n\t\t\t\t<div class=\"elementor-widget-container\">\n\t\t\t\t\t<h2 class=\"elementor-heading-title elementor-size-default\">COMPROM\u00cdS SOCIAL<\/h2>\t\t\t\t<\/div>\n\t\t\t\t<\/div>\n\t\t\t\t<\/div>\n\t\t\t\t<\/div>\n\t\t<div class=\"elementor-element elementor-element-5e17a87 e-flex e-con-boxed e-con e-parent\" data-id=\"5e17a87\" data-element_type=\"container\" data-e-type=\"container\">\n\t\t\t\t\t<div class=\"e-con-inner\">\n\t\t\t\t<div class=\"elementor-element elementor-element-fd7fea4 elementor-invisible elementor-widget elementor-widget-heading\" data-id=\"fd7fea4\" data-element_type=\"widget\" data-e-type=\"widget\" data-settings=\"{&quot;_animation&quot;:&quot;fadeIn&quot;}\" data-widget_type=\"heading.default\">\n\t\t\t\t<div class=\"elementor-widget-container\">\n\t\t\t\t\t<h1 class=\"elementor-heading-title elementor-size-default\">PROJECTE SOCIAL CLECE<\/h1>\t\t\t\t<\/div>\n\t\t\t\t<\/div>\n\t\t\t\t<div class=\"elementor-element elementor-element-2c20b3b elementor-invisible elementor-widget elementor-widget-heading\" data-id=\"2c20b3b\" data-element_type=\"widget\" data-e-type=\"widget\" data-settings=\"{&quot;_animation&quot;:&quot;fadeIn&quot;}\" data-widget_type=\"heading.default\">\n\t\t\t\t<div class=\"elementor-widget-container\">\n\t\t\t\t\t<h3 class=\"elementor-heading-title elementor-size-default\">COMPROMESOS AMB LES PERSONES<\/h3>\t\t\t\t<\/div>\n\t\t\t\t<\/div>\n\t\t\t\t<div class=\"elementor-element elementor-element-0e81892 elementor-widget-divider--view-line elementor-invisible elementor-widget elementor-widget-divider\" data-id=\"0e81892\" data-element_type=\"widget\" data-e-type=\"widget\" data-settings=\"{&quot;_animation&quot;:&quot;fadeIn&quot;}\" data-widget_type=\"divider.default\">\n\t\t\t\t<div class=\"elementor-widget-container\">\n\t\t\t\t\t\t\t<div class=\"elementor-divider\">\n\t\t\t<span class=\"elementor-divider-separator\">\n\t\t\t\t\t\t<\/span>\n\t\t<\/div>\n\t\t\t\t\t\t<\/div>\n\t\t\t\t<\/div>\n\t\t\t\t<div class=\"elementor-element elementor-element-25dfd40 elementor-invisible elementor-widget elementor-widget-text-editor\" data-id=\"25dfd40\" data-element_type=\"widget\" data-e-type=\"widget\" data-settings=\"{&quot;_animation&quot;:&quot;fadeIn&quot;}\" data-widget_type=\"text-editor.default\">\n\t\t\t\t<div class=\"elementor-widget-container\">\n\t\t\t\t\t\t\t\t\t<p>El nostre Comprom\u00eds Social \u00e9s el projecte social de Clece. L&#8217;expressi\u00f3 del seu comprom\u00eds amb les persones.<\/p>\n<p>Un comprom\u00eds ent\u00e8s no com un deure de la companyia o una estrat\u00e8gia dissenyada de responsabilitat social, sin\u00f3 com una cosa inherent al seu origen i desenvolupament: una empresa de persones per a persones.<\/p>\n<div class=\"vc_row wpb_row vc_row-fluid\">\n<div class=\"wpb_column vc_column_container vc_col-sm-12\">\n<div class=\"vc_column-inner\">\n<div class=\"wpb_wrapper\">\n<div id=\"img_gallery_ab67a8250d5152e602f1e24fa0e07d70\" class=\"grid_holder mfp_gallery small_spacing\">\n<div class=\"col span_1_of_2 info_item isotope_element\"> <\/div>\n<\/div>\n<\/div>\n<\/div>\n<\/div>\n<\/div>\n\t\t\t\t\t\t\t\t<\/div>\n\t\t\t\t<\/div>\n\t\t\t\t\t<\/div>\n\t\t\t\t<\/div>\n\t\t<div class=\"elementor-element elementor-element-60b99d8 e-con-full e-flex elementor-invisible e-con e-child\" data-id=\"60b99d8\" data-element_type=\"container\" data-e-type=\"container\" data-settings=\"{&quot;background_background&quot;:&quot;classic&quot;,&quot;animation&quot;:&quot;fadeIn&quot;}\">\n\t\t\t\t<div class=\"elementor-element elementor-element-8df73c0 elementor-widget-tablet__width-initial elementor-widget elementor-widget-image\" data-id=\"8df73c0\" data-element_type=\"widget\" data-e-type=\"widget\" data-widget_type=\"image.default\">\n\t\t\t\t<div class=\"elementor-widget-container\">\n\t\t\t\t\t\t\t\t\t\t\t\t\t\t\t<img fetchpriority=\"high\" decoding=\"async\" width=\"802\" height=\"411\" src=\"https:\/\/www.silafuente.es\/wp-content\/uploads\/2024\/01\/nuestro-proyecto-social-clece2.jpg\" class=\"attachment-full size-full wp-image-1309\" alt=\"\" srcset=\"https:\/\/www.silafuente.es\/wp-content\/uploads\/2024\/01\/nuestro-proyecto-social-clece2.jpg 802w, https:\/\/www.silafuente.es\/wp-content\/uploads\/2024\/01\/nuestro-proyecto-social-clece2-300x154.jpg 300w, https:\/\/www.silafuente.es\/wp-content\/uploads\/2024\/01\/nuestro-proyecto-social-clece2-768x394.jpg 768w\" sizes=\"(max-width: 802px) 100vw, 802px\" \/>\t\t\t\t\t\t\t\t\t\t\t\t\t\t\t<\/div>\n\t\t\t\t<\/div>\n\t\t\t\t<div class=\"elementor-element elementor-element-0dd9582 elementor-widget-tablet__width-initial elementor-widget elementor-widget-image\" data-id=\"0dd9582\" data-element_type=\"widget\" data-e-type=\"widget\" data-widget_type=\"image.default\">\n\t\t\t\t<div class=\"elementor-widget-container\">\n\t\t\t\t\t\t\t\t\t\t\t\t\t\t\t<img decoding=\"async\" width=\"800\" height=\"410\" src=\"https:\/\/www.silafuente.es\/wp-content\/uploads\/2024\/01\/nuestro-proyecto-social-clece.jpg\" class=\"attachment-large size-large wp-image-1308\" alt=\"\" srcset=\"https:\/\/www.silafuente.es\/wp-content\/uploads\/2024\/01\/nuestro-proyecto-social-clece.jpg 802w, https:\/\/www.silafuente.es\/wp-content\/uploads\/2024\/01\/nuestro-proyecto-social-clece-300x154.jpg 300w, https:\/\/www.silafuente.es\/wp-content\/uploads\/2024\/01\/nuestro-proyecto-social-clece-768x394.jpg 768w\" sizes=\"(max-width: 800px) 100vw, 800px\" \/>\t\t\t\t\t\t\t\t\t\t\t\t\t\t\t<\/div>\n\t\t\t\t<\/div>\n\t\t\t\t<\/div>\n\t\t<div class=\"elementor-element elementor-element-bc5b8de e-flex e-con-boxed e-con e-parent\" data-id=\"bc5b8de\" data-element_type=\"container\" data-e-type=\"container\">\n\t\t\t\t\t<div class=\"e-con-inner\">\n\t\t<div class=\"elementor-element elementor-element-373f8c0 e-con-full e-flex elementor-invisible e-con e-child\" data-id=\"373f8c0\" data-element_type=\"container\" data-e-type=\"container\" data-settings=\"{&quot;background_background&quot;:&quot;classic&quot;,&quot;animation&quot;:&quot;fadeIn&quot;}\">\n\t\t\t\t<div class=\"elementor-element elementor-element-07fc8b3 elementor-invisible elementor-widget elementor-widget-heading\" data-id=\"07fc8b3\" data-element_type=\"widget\" data-e-type=\"widget\" data-settings=\"{&quot;_animation&quot;:&quot;fadeIn&quot;}\" data-widget_type=\"heading.default\">\n\t\t\t\t<div class=\"elementor-widget-container\">\n\t\t\t\t\t<h2 class=\"elementor-heading-title elementor-size-default\">ELS REPTES DEL NOSTRE COMPROM\u00cdS SOCIAL<\/h2>\t\t\t\t<\/div>\n\t\t\t\t<\/div>\n\t\t\t\t<div class=\"elementor-element elementor-element-5135bec elementor-widget-divider--view-line elementor-invisible elementor-widget elementor-widget-divider\" data-id=\"5135bec\" data-element_type=\"widget\" data-e-type=\"widget\" data-settings=\"{&quot;_animation&quot;:&quot;fadeIn&quot;}\" data-widget_type=\"divider.default\">\n\t\t\t\t<div class=\"elementor-widget-container\">\n\t\t\t\t\t\t\t<div class=\"elementor-divider\">\n\t\t\t<span class=\"elementor-divider-separator\">\n\t\t\t\t\t\t<\/span>\n\t\t<\/div>\n\t\t\t\t\t\t<\/div>\n\t\t\t\t<\/div>\n\t\t\t\t<div class=\"elementor-element elementor-element-2822aaf elementor-invisible elementor-widget elementor-widget-heading\" data-id=\"2822aaf\" data-element_type=\"widget\" data-e-type=\"widget\" data-settings=\"{&quot;_animation&quot;:&quot;fadeIn&quot;}\" data-widget_type=\"heading.default\">\n\t\t\t\t<div class=\"elementor-widget-container\">\n\t\t\t\t\t<h3 class=\"elementor-heading-title elementor-size-default\">Una empresa de persones per a persones.<\/h3>\t\t\t\t<\/div>\n\t\t\t\t<\/div>\n\t\t\t\t<div class=\"elementor-element elementor-element-8b8c87e elementor-align-start elementor-icon-list--layout-traditional elementor-list-item-link-full_width elementor-invisible elementor-widget elementor-widget-icon-list\" data-id=\"8b8c87e\" data-element_type=\"widget\" data-e-type=\"widget\" data-settings=\"{&quot;_animation&quot;:&quot;fadeIn&quot;}\" data-widget_type=\"icon-list.default\">\n\t\t\t\t<div class=\"elementor-widget-container\">\n\t\t\t\t\t\t\t<ul class=\"elementor-icon-list-items\">\n\t\t\t\t\t\t\t<li class=\"elementor-icon-list-item\">\n\t\t\t\t\t\t\t\t\t\t\t<span class=\"elementor-icon-list-icon\">\n\t\t\t\t\t\t\t<svg xmlns=\"http:\/\/www.w3.org\/2000\/svg\" id=\"T&#xCD;TULOS\" viewBox=\"0 0 15 15\"><defs><style>      .cls-1 {        fill: #007da5;        stroke-width: 0px;      }    <\/style><\/defs><path class=\"cls-1\" d=\"m10.69,3.11c-.98-1.33-2.15-2.49-3.72-2.93C4.71-.44,2.97,1.09,1.95,3.02c-.37.7-.66,1.44-.91,2.2C-1.79,13.94,3.35,15.15,11.46,14.92c5.66-.15,2.69-6.39.89-9.25-.52-.83-1.06-1.72-1.67-2.56Z\"><\/path><\/svg>\t\t\t\t\t\t<\/span>\n\t\t\t\t\t\t\t\t\t\t<span class=\"elementor-icon-list-text\">Promoure el manteniment de l'ocupaci\u00f3, afavorint la possibilitat que les persones puguin accedir a un lloc de treball i fomentant-ne el desenvolupament professional i personal.<\/span>\n\t\t\t\t\t\t\t\t\t<\/li>\n\t\t\t\t\t\t\t\t<li class=\"elementor-icon-list-item\">\n\t\t\t\t\t\t\t\t\t\t\t<span class=\"elementor-icon-list-icon\">\n\t\t\t\t\t\t\t<svg xmlns=\"http:\/\/www.w3.org\/2000\/svg\" id=\"T&#xCD;TULOS\" viewBox=\"0 0 15 15\"><defs><style>      .cls-1 {        fill: #007da5;        stroke-width: 0px;      }    <\/style><\/defs><path class=\"cls-1\" d=\"m10.69,3.11c-.98-1.33-2.15-2.49-3.72-2.93C4.71-.44,2.97,1.09,1.95,3.02c-.37.7-.66,1.44-.91,2.2C-1.79,13.94,3.35,15.15,11.46,14.92c5.66-.15,2.69-6.39.89-9.25-.52-.83-1.06-1.72-1.67-2.56Z\"><\/path><\/svg>\t\t\t\t\t\t<\/span>\n\t\t\t\t\t\t\t\t\t\t<span class=\"elementor-icon-list-text\">Impulsar la igualtat d'oportunitats a trav\u00e9s de la integraci\u00f3 de persones de col\u00b7lectius desafavorits, principalment persones amb discapacitat, persones amb risc d'exclusi\u00f3 social, dones que pateixen viol\u00e8ncia de g\u00e8nere, v\u00edctimes de terrorisme i joves aturats de llarga durada.<\/span>\n\t\t\t\t\t\t\t\t\t<\/li>\n\t\t\t\t\t\t\t\t<li class=\"elementor-icon-list-item\">\n\t\t\t\t\t\t\t\t\t\t\t<span class=\"elementor-icon-list-icon\">\n\t\t\t\t\t\t\t<svg xmlns=\"http:\/\/www.w3.org\/2000\/svg\" id=\"T&#xCD;TULOS\" viewBox=\"0 0 15 15\"><defs><style>      .cls-1 {        fill: #007da5;        stroke-width: 0px;      }    <\/style><\/defs><path class=\"cls-1\" d=\"m10.69,3.11c-.98-1.33-2.15-2.49-3.72-2.93C4.71-.44,2.97,1.09,1.95,3.02c-.37.7-.66,1.44-.91,2.2C-1.79,13.94,3.35,15.15,11.46,14.92c5.66-.15,2.69-6.39.89-9.25-.52-.83-1.06-1.72-1.67-2.56Z\"><\/path><\/svg>\t\t\t\t\t\t<\/span>\n\t\t\t\t\t\t\t\t\t\t<span class=\"elementor-icon-list-text\">Conscienciar la poblaci\u00f3 de la realitat i situaci\u00f3 que viuen els col\u00b7lectius m\u00e9s vulnerables de la societat.<\/span>\n\t\t\t\t\t\t\t\t\t<\/li>\n\t\t\t\t\t\t\t\t<li class=\"elementor-icon-list-item\">\n\t\t\t\t\t\t\t\t\t\t\t<span class=\"elementor-icon-list-icon\">\n\t\t\t\t\t\t\t<svg xmlns=\"http:\/\/www.w3.org\/2000\/svg\" id=\"T&#xCD;TULOS\" viewBox=\"0 0 15 15\"><defs><style>      .cls-1 {        fill: #007da5;        stroke-width: 0px;      }    <\/style><\/defs><path class=\"cls-1\" d=\"m10.69,3.11c-.98-1.33-2.15-2.49-3.72-2.93C4.71-.44,2.97,1.09,1.95,3.02c-.37.7-.66,1.44-.91,2.2C-1.79,13.94,3.35,15.15,11.46,14.92c5.66-.15,2.69-6.39.89-9.25-.52-.83-1.06-1.72-1.67-2.56Z\"><\/path><\/svg>\t\t\t\t\t\t<\/span>\n\t\t\t\t\t\t\t\t\t\t<span class=\"elementor-icon-list-text\">M\u00e9s enll\u00e0 de la seva activitat, Clece est\u00e0 comprom\u00e8s amb la millora de la qualitat de vida, la integraci\u00f3 social i la sensibilitzaci\u00f3 dels usuaris dels serveis, principalment gent gran i nens.<\/span>\n\t\t\t\t\t\t\t\t\t<\/li>\n\t\t\t\t\t\t<\/ul>\n\t\t\t\t\t\t<\/div>\n\t\t\t\t<\/div>\n\t\t\t\t<\/div>\n\t\t\t\t\t<\/div>\n\t\t\t\t<\/div>\n\t\t\t\t<\/div>\n\t\t","protected":false},"excerpt":{"rendered":"<p>COMPROM\u00cdS SOCIAL PROJECTE SOCIAL CLECE COMPROMESOS AMB LES PERSONES El nostre Comprom\u00eds Social \u00e9s el projecte social de Clece. L&#8217;expressi\u00f3 del seu comprom\u00eds amb les persones. Un comprom\u00eds ent\u00e8s no com un deure de la companyia o una estrat\u00e8gia dissenyada de responsabilitat social, sin\u00f3 com una cosa inherent al seu origen i desenvolupament: una empresa [&hellip;]<\/p>\n","protected":false},"author":1,"featured_media":1278,"parent":0,"menu_order":0,"comment_status":"closed","ping_status":"closed","template":"elementor_header_footer","meta":{"footnotes":""},"class_list":["post-25449","page","type-page","status-publish","has-post-thumbnail","hentry"],"yoast_head":"<!-- This site is optimized with the Yoast SEO plugin v27.5 - https:\/\/yoast.com\/product\/yoast-seo-wordpress\/ -->\n<title>Comprom\u00eds Social - Lafuente Servicios de Limpieza - Silafuente<\/title>\n<meta name=\"description\" content=\"El nostre Comprom\u00eds Social \u00e9s el projecte social de Clece. L&#039;expressi\u00f3 del seu comprom\u00eds amb les persones.\" \/>\n<meta name=\"robots\" content=\"index, follow, max-snippet:-1, max-image-preview:large, max-video-preview:-1\" \/>\n<link rel=\"canonical\" href=\"https:\/\/www.silafuente.es\/compromiso-social\/\" \/>\n<meta property=\"og:locale\" content=\"en_US\" \/>\n<meta property=\"og:type\" content=\"article\" \/>\n<meta property=\"og:title\" content=\"Comprom\u00eds Social - Lafuente Servicios de Limpieza - Silafuente\" \/>\n<meta property=\"og:description\" content=\"El nostre Comprom\u00eds Social \u00e9s el projecte social de Clece. L&#039;expressi\u00f3 del seu comprom\u00eds amb les persones.\" \/>\n<meta property=\"og:url\" content=\"https:\/\/www.silafuente.es\/compromiso-social\/\" \/>\n<meta property=\"og:site_name\" content=\"Lafuente Servicios de Limpieza - Silafuente\" \/>\n<meta property=\"article:modified_time\" content=\"2024-04-09T08:04:51+00:00\" \/>\n<meta property=\"og:image\" content=\"https:\/\/www.silafuente.es\/wp-content\/uploads\/2024\/01\/OUR-MISSION.jpg\" \/>\n\t<meta property=\"og:image:width\" content=\"400\" \/>\n\t<meta property=\"og:image:height\" content=\"380\" \/>\n\t<meta property=\"og:image:type\" content=\"image\/jpeg\" \/>\n<meta name=\"twitter:card\" content=\"summary_large_image\" \/>\n<meta name=\"twitter:label1\" content=\"Est. reading time\" \/>\n\t<meta name=\"twitter:data1\" content=\"2 minutes\" \/>\n<script type=\"application\/ld+json\" class=\"yoast-schema-graph\">{\"@context\":\"https:\\\/\\\/schema.org\",\"@graph\":[{\"@type\":\"WebPage\",\"@id\":\"https:\\\/\\\/www.silafuente.es\\\/compromiso-social\\\/\",\"url\":\"https:\\\/\\\/www.silafuente.es\\\/compromiso-social\\\/\",\"name\":\"Comprom\u00eds Social - Lafuente Servicios de Limpieza - Silafuente\",\"isPartOf\":{\"@id\":\"https:\\\/\\\/www.silafuente.es\\\/#website\"},\"primaryImageOfPage\":{\"@id\":\"https:\\\/\\\/www.silafuente.es\\\/compromiso-social\\\/#primaryimage\"},\"image\":{\"@id\":\"https:\\\/\\\/www.silafuente.es\\\/compromiso-social\\\/#primaryimage\"},\"thumbnailUrl\":\"https:\\\/\\\/www.silafuente.es\\\/wp-content\\\/uploads\\\/2024\\\/01\\\/OUR-MISSION.jpg?wsr\",\"datePublished\":\"2024-01-11T16:13:45+00:00\",\"dateModified\":\"2024-04-09T08:04:51+00:00\",\"description\":\"El nostre Comprom\u00eds Social \u00e9s el projecte social de Clece. L'expressi\u00f3 del seu comprom\u00eds amb les persones.\",\"breadcrumb\":{\"@id\":\"https:\\\/\\\/www.silafuente.es\\\/compromiso-social\\\/#breadcrumb\"},\"inLanguage\":\"va\",\"potentialAction\":[{\"@type\":\"ReadAction\",\"target\":[\"https:\\\/\\\/www.silafuente.es\\\/compromiso-social\\\/\"]}]},{\"@type\":\"ImageObject\",\"inLanguage\":\"va\",\"@id\":\"https:\\\/\\\/www.silafuente.es\\\/compromiso-social\\\/#primaryimage\",\"url\":\"https:\\\/\\\/www.silafuente.es\\\/wp-content\\\/uploads\\\/2024\\\/01\\\/OUR-MISSION.jpg?wsr\",\"contentUrl\":\"https:\\\/\\\/www.silafuente.es\\\/wp-content\\\/uploads\\\/2024\\\/01\\\/OUR-MISSION.jpg?wsr\",\"width\":400,\"height\":380,\"caption\":\"mantenimiento-de-piscinas\"},{\"@type\":\"BreadcrumbList\",\"@id\":\"https:\\\/\\\/www.silafuente.es\\\/compromiso-social\\\/#breadcrumb\",\"itemListElement\":[{\"@type\":\"ListItem\",\"position\":1,\"name\":\"Portada\",\"item\":\"https:\\\/\\\/www.silafuente.es\\\/\"},{\"@type\":\"ListItem\",\"position\":2,\"name\":\"Comprom\u00eds Social\"}]},{\"@type\":\"WebSite\",\"@id\":\"https:\\\/\\\/www.silafuente.es\\\/#website\",\"url\":\"https:\\\/\\\/www.silafuente.es\\\/\",\"name\":\"Lafuente Servicios de Limpieza - Silafuente\",\"description\":\"\",\"publisher\":{\"@id\":\"https:\\\/\\\/www.silafuente.es\\\/#organization\"},\"potentialAction\":[{\"@type\":\"SearchAction\",\"target\":{\"@type\":\"EntryPoint\",\"urlTemplate\":\"https:\\\/\\\/www.silafuente.es\\\/?s={search_term_string}\"},\"query-input\":{\"@type\":\"PropertyValueSpecification\",\"valueRequired\":true,\"valueName\":\"search_term_string\"}}],\"inLanguage\":\"va\"},{\"@type\":\"Organization\",\"@id\":\"https:\\\/\\\/www.silafuente.es\\\/#organization\",\"name\":\"Lafuente Servicios de Limpieza - Silafuente\",\"url\":\"https:\\\/\\\/www.silafuente.es\\\/\",\"logo\":{\"@type\":\"ImageObject\",\"inLanguage\":\"va\",\"@id\":\"https:\\\/\\\/www.silafuente.es\\\/#\\\/schema\\\/logo\\\/image\\\/\",\"url\":\"https:\\\/\\\/www.silafuente.es\\\/wp-content\\\/uploads\\\/2024\\\/04\\\/cropped-favicon_LaFuente.png\",\"contentUrl\":\"https:\\\/\\\/www.silafuente.es\\\/wp-content\\\/uploads\\\/2024\\\/04\\\/cropped-favicon_LaFuente.png\",\"width\":512,\"height\":512,\"caption\":\"Lafuente Servicios de Limpieza - Silafuente\"},\"image\":{\"@id\":\"https:\\\/\\\/www.silafuente.es\\\/#\\\/schema\\\/logo\\\/image\\\/\"}}]}<\/script>\n<!-- \/ Yoast SEO plugin. -->","yoast_head_json":{"title":"Comprom\u00eds Social - Lafuente Servicios de Limpieza - Silafuente","description":"El nostre Comprom\u00eds Social \u00e9s el projecte social de Clece. L'expressi\u00f3 del seu comprom\u00eds amb les persones.","robots":{"index":"index","follow":"follow","max-snippet":"max-snippet:-1","max-image-preview":"max-image-preview:large","max-video-preview":"max-video-preview:-1"},"canonical":"https:\/\/www.silafuente.es\/compromiso-social\/","og_locale":"en_US","og_type":"article","og_title":"Comprom\u00eds Social - Lafuente Servicios de Limpieza - Silafuente","og_description":"El nostre Comprom\u00eds Social \u00e9s el projecte social de Clece. L'expressi\u00f3 del seu comprom\u00eds amb les persones.","og_url":"https:\/\/www.silafuente.es\/compromiso-social\/","og_site_name":"Lafuente Servicios de Limpieza - Silafuente","article_modified_time":"2024-04-09T08:04:51+00:00","og_image":[{"width":400,"height":380,"url":"https:\/\/www.silafuente.es\/wp-content\/uploads\/2024\/01\/OUR-MISSION.jpg","type":"image\/jpeg"}],"twitter_card":"summary_large_image","twitter_misc":{"Est. reading time":"2 minutes"},"schema":{"@context":"https:\/\/schema.org","@graph":[{"@type":"WebPage","@id":"https:\/\/www.silafuente.es\/compromiso-social\/","url":"https:\/\/www.silafuente.es\/compromiso-social\/","name":"Comprom\u00eds Social - Lafuente Servicios de Limpieza - Silafuente","isPartOf":{"@id":"https:\/\/www.silafuente.es\/#website"},"primaryImageOfPage":{"@id":"https:\/\/www.silafuente.es\/compromiso-social\/#primaryimage"},"image":{"@id":"https:\/\/www.silafuente.es\/compromiso-social\/#primaryimage"},"thumbnailUrl":"https:\/\/www.silafuente.es\/wp-content\/uploads\/2024\/01\/OUR-MISSION.jpg?wsr","datePublished":"2024-01-11T16:13:45+00:00","dateModified":"2024-04-09T08:04:51+00:00","description":"El nostre Comprom\u00eds Social \u00e9s el projecte social de Clece. L'expressi\u00f3 del seu comprom\u00eds amb les persones.","breadcrumb":{"@id":"https:\/\/www.silafuente.es\/compromiso-social\/#breadcrumb"},"inLanguage":"va","potentialAction":[{"@type":"ReadAction","target":["https:\/\/www.silafuente.es\/compromiso-social\/"]}]},{"@type":"ImageObject","inLanguage":"va","@id":"https:\/\/www.silafuente.es\/compromiso-social\/#primaryimage","url":"https:\/\/www.silafuente.es\/wp-content\/uploads\/2024\/01\/OUR-MISSION.jpg?wsr","contentUrl":"https:\/\/www.silafuente.es\/wp-content\/uploads\/2024\/01\/OUR-MISSION.jpg?wsr","width":400,"height":380,"caption":"mantenimiento-de-piscinas"},{"@type":"BreadcrumbList","@id":"https:\/\/www.silafuente.es\/compromiso-social\/#breadcrumb","itemListElement":[{"@type":"ListItem","position":1,"name":"Portada","item":"https:\/\/www.silafuente.es\/"},{"@type":"ListItem","position":2,"name":"Comprom\u00eds Social"}]},{"@type":"WebSite","@id":"https:\/\/www.silafuente.es\/#website","url":"https:\/\/www.silafuente.es\/","name":"Lafuente Servicios de Limpieza - Silafuente","description":"","publisher":{"@id":"https:\/\/www.silafuente.es\/#organization"},"potentialAction":[{"@type":"SearchAction","target":{"@type":"EntryPoint","urlTemplate":"https:\/\/www.silafuente.es\/?s={search_term_string}"},"query-input":{"@type":"PropertyValueSpecification","valueRequired":true,"valueName":"search_term_string"}}],"inLanguage":"va"},{"@type":"Organization","@id":"https:\/\/www.silafuente.es\/#organization","name":"Lafuente Servicios de Limpieza - Silafuente","url":"https:\/\/www.silafuente.es\/","logo":{"@type":"ImageObject","inLanguage":"va","@id":"https:\/\/www.silafuente.es\/#\/schema\/logo\/image\/","url":"https:\/\/www.silafuente.es\/wp-content\/uploads\/2024\/04\/cropped-favicon_LaFuente.png","contentUrl":"https:\/\/www.silafuente.es\/wp-content\/uploads\/2024\/04\/cropped-favicon_LaFuente.png","width":512,"height":512,"caption":"Lafuente Servicios de Limpieza - Silafuente"},"image":{"@id":"https:\/\/www.silafuente.es\/#\/schema\/logo\/image\/"}}]}},"_links":{"self":[{"href":"https:\/\/www.silafuente.es\/ca\/wp-json\/wp\/v2\/pages\/25449","targetHints":{"allow":["GET"]}}],"collection":[{"href":"https:\/\/www.silafuente.es\/ca\/wp-json\/wp\/v2\/pages"}],"about":[{"href":"https:\/\/www.silafuente.es\/ca\/wp-json\/wp\/v2\/types\/page"}],"author":[{"embeddable":true,"href":"https:\/\/www.silafuente.es\/ca\/wp-json\/wp\/v2\/users\/1"}],"replies":[{"embeddable":true,"href":"https:\/\/www.silafuente.es\/ca\/wp-json\/wp\/v2\/comments?post=25449"}],"version-history":[{"count":13,"href":"https:\/\/www.silafuente.es\/ca\/wp-json\/wp\/v2\/pages\/25449\/revisions"}],"predecessor-version":[{"id":25958,"href":"https:\/\/www.silafuente.es\/ca\/wp-json\/wp\/v2\/pages\/25449\/revisions\/25958"}],"wp:featuredmedia":[{"embeddable":true,"href":"https:\/\/www.silafuente.es\/ca\/wp-json\/wp\/v2\/media\/1278"}],"wp:attachment":[{"href":"https:\/\/www.silafuente.es\/ca\/wp-json\/wp\/v2\/media?parent=25449"}],"curies":[{"name":"wp","href":"https:\/\/api.w.org\/{rel}","templated":true}]}}