{"id":27156,"date":"2024-05-14T15:43:04","date_gmt":"2024-05-14T13:43:04","guid":{"rendered":"https:\/\/www.silafuente.es\/politica-de-privadesa-del-canal-etic\/"},"modified":"2026-01-15T13:24:00","modified_gmt":"2026-01-15T12:24:00","slug":"politica-de-privadesa-del-canal-etic","status":"publish","type":"page","link":"https:\/\/www.silafuente.es\/ca\/politica-de-privadesa-del-canal-etic\/","title":{"rendered":"Pol\u00edtica de Privadesa del Canal \u00c8tic"},"content":{"rendered":"\t\t<div data-elementor-type=\"wp-page\" data-elementor-id=\"27156\" class=\"elementor elementor-27156 elementor-26250\" data-elementor-post-type=\"page\">\n\t\t\t\t<div class=\"elementor-element elementor-element-33ed3592 e-flex e-con-boxed e-con e-parent\" data-id=\"33ed3592\" data-element_type=\"container\" data-e-type=\"container\" data-settings=\"{&quot;background_background&quot;:&quot;classic&quot;}\">\n\t\t\t\t\t<div class=\"e-con-inner\">\n\t\t<div class=\"elementor-element elementor-element-3ce7ec36 e-con-full e-flex e-con e-child\" data-id=\"3ce7ec36\" data-element_type=\"container\" data-e-type=\"container\" data-settings=\"{&quot;background_background&quot;:&quot;classic&quot;}\">\n\t\t\t\t<div class=\"elementor-element elementor-element-a3ec1dd elementor-invisible elementor-widget elementor-widget-heading\" data-id=\"a3ec1dd\" data-element_type=\"widget\" data-e-type=\"widget\" data-settings=\"{&quot;_animation&quot;:&quot;fadeIn&quot;}\" data-widget_type=\"heading.default\">\n\t\t\t\t<div class=\"elementor-widget-container\">\n\t\t\t\t\t<h1 class=\"elementor-heading-title elementor-size-default\">Pol\u00edtica de Privadesa del Canal \u00c8tic<\/h1>\t\t\t\t<\/div>\n\t\t\t\t<\/div>\n\t\t\t\t<div class=\"elementor-element elementor-element-daf0ed8 elementor-widget-divider--view-line elementor-invisible elementor-widget elementor-widget-divider\" data-id=\"daf0ed8\" data-element_type=\"widget\" data-e-type=\"widget\" data-settings=\"{&quot;_animation&quot;:&quot;fadeIn&quot;}\" data-widget_type=\"divider.default\">\n\t\t\t\t<div class=\"elementor-widget-container\">\n\t\t\t\t\t\t\t<div class=\"elementor-divider\">\n\t\t\t<span class=\"elementor-divider-separator\">\n\t\t\t\t\t\t<\/span>\n\t\t<\/div>\n\t\t\t\t\t\t<\/div>\n\t\t\t\t<\/div>\n\t\t\t\t<div class=\"elementor-element elementor-element-bf76e7f elementor-widget elementor-widget-heading\" data-id=\"bf76e7f\" data-element_type=\"widget\" data-e-type=\"widget\" data-widget_type=\"heading.default\">\n\t\t\t\t<div class=\"elementor-widget-container\">\n\t\t\t\t\t<h2 class=\"elementor-heading-title elementor-size-default\">Qui \u00e9s el Responsable del Tractament de les seves dades?<\/h2>\t\t\t\t<\/div>\n\t\t\t\t<\/div>\n\t\t\t\t<div class=\"elementor-element elementor-element-119dc7c elementor-invisible elementor-widget elementor-widget-text-editor\" data-id=\"119dc7c\" data-element_type=\"widget\" data-e-type=\"widget\" data-settings=\"{&quot;_animation&quot;:&quot;fadeIn&quot;}\" data-widget_type=\"text-editor.default\">\n\t\t\t\t<div class=\"elementor-widget-container\">\n\t\t\t\t\t\t\t\t\t<p>Identitat: LAFUENTE SERVICIOS INTEGRALES SL. (d&#8217;ara en avant, la \u201cCompanyia\u201d) <\/p>\n<p>CIF: B96265020<\/p>\n<p>Dir. Postal: Comte Alessandro Volta, 2-4-6 Bloc III 46980 Paterna Val\u00e8ncia<\/p>\n<p>Delegat de Protecci\u00f3 de dades (*DPD): Vost\u00e9 pot contactar amb el Delegat de Protecci\u00f3 de Dades en el correu electr\u00f2nic: <a href=\"mailto:rgpd-limpiezaslafuente@silafuente.es\">rgpd-limpiezaslafuente@silafuente.es<\/a><\/p>\n\t\t\t\t\t\t\t\t<\/div>\n\t\t\t\t<\/div>\n\t\t<div class=\"elementor-element elementor-element-327d8b3 e-flex e-con-boxed elementor-invisible e-con e-child\" data-id=\"327d8b3\" data-element_type=\"container\" data-e-type=\"container\" data-settings=\"{&quot;animation&quot;:&quot;fadeIn&quot;}\">\n\t\t\t\t\t<div class=\"e-con-inner\">\n\t\t\t\t<div class=\"elementor-element elementor-element-4ab6d52 elementor-widget elementor-widget-heading\" data-id=\"4ab6d52\" data-element_type=\"widget\" data-e-type=\"widget\" data-widget_type=\"heading.default\">\n\t\t\t\t<div class=\"elementor-widget-container\">\n\t\t\t\t\t<h2 class=\"elementor-heading-title elementor-size-default\">AMB QUINA FINALITAT I SOTA QUE BASE LEGITIMADORA TRACTEM LES SEVES DADES PERSONALS?\n\n<\/h2>\t\t\t\t<\/div>\n\t\t\t\t<\/div>\n\t\t\t\t<div class=\"elementor-element elementor-element-8a0c0c7 elementor-widget elementor-widget-text-editor\" data-id=\"8a0c0c7\" data-element_type=\"widget\" data-e-type=\"widget\" data-widget_type=\"text-editor.default\">\n\t\t\t\t<div class=\"elementor-widget-container\">\n\t\t\t\t\t\t\t\t\t<p>Les dades seran tractades amb la finalitat de gestionar les informacions relatives al fet de cometre irregularitats o infraccions penals i administratives greus o molt greus o actes contraris a l\u2019\u00e8tica, la legalitat o les normes corporatives de la Companyia i dur a terme les actuacions necess\u00e0ries per a la investigaci\u00f3 dels fets denunciats, incloses, si escau, les mesures disciplin\u00e0ries o legals que poguessin correspondre.<\/p>\n<p>Les dades seran tractades aplicant la m\u00e9s estricta confidencialitat i no seran utilitzades per a cap altra finalitat diferent de la indicada. En particular, en el cas d\u2019identificaci\u00f3, es garantir\u00e0 la confidencialitat de la persona que hagu\u00e9s posat els fets en coneixement de la Companyia. <\/p>\n\t\t\t\t\t\t\t\t<\/div>\n\t\t\t\t<\/div>\n\t\t<div class=\"elementor-element elementor-element-210f48a e-flex e-con-boxed elementor-invisible e-con e-child\" data-id=\"210f48a\" data-element_type=\"container\" data-e-type=\"container\" data-settings=\"{&quot;animation&quot;:&quot;fadeIn&quot;}\">\n\t\t\t\t\t<div class=\"e-con-inner\">\n\t\t\t\t<div class=\"elementor-element elementor-element-c5e5c20 elementor-widget elementor-widget-heading\" data-id=\"c5e5c20\" data-element_type=\"widget\" data-e-type=\"widget\" data-widget_type=\"heading.default\">\n\t\t\t\t<div class=\"elementor-widget-container\">\n\t\t\t\t\t<h2 class=\"elementor-heading-title elementor-size-default\">Quin \u00e9s la legitimaci\u00f3 per al tractament de les seves dades?\n\n\n<\/h2>\t\t\t\t<\/div>\n\t\t\t\t<\/div>\n\t\t\t\t<div class=\"elementor-element elementor-element-69995d1 elementor-widget elementor-widget-text-editor\" data-id=\"69995d1\" data-element_type=\"widget\" data-e-type=\"widget\" data-widget_type=\"text-editor.default\">\n\t\t\t\t<div class=\"elementor-widget-container\">\n\t\t\t\t\t\t\t\t\t<p>La base jur\u00eddica del tractament \u00e9s el compliment de l\u2019obligaci\u00f3 legal de la Companyia conforme a la Llei 2\/2023, de 20 de febrer, reguladora de la protecci\u00f3 de les persones que informin sobre infraccions normatives i de lluita contra la corrupci\u00f3<\/p>\n<p>El tractament de les seves dades personals \u00e9s estrictament necessari per gestionar el Canal \u00c8tic i donar compliment a les esmentades obligacions legals.<\/p>\n\t\t\t\t\t\t\t\t<\/div>\n\t\t\t\t<\/div>\n\t\t<div class=\"elementor-element elementor-element-d031c70 e-flex e-con-boxed elementor-invisible e-con e-child\" data-id=\"d031c70\" data-element_type=\"container\" data-e-type=\"container\" data-settings=\"{&quot;animation&quot;:&quot;fadeIn&quot;}\">\n\t\t\t\t\t<div class=\"e-con-inner\">\n\t\t\t\t<div class=\"elementor-element elementor-element-d55ead0 elementor-widget elementor-widget-heading\" data-id=\"d55ead0\" data-element_type=\"widget\" data-e-type=\"widget\" data-widget_type=\"heading.default\">\n\t\t\t\t<div class=\"elementor-widget-container\">\n\t\t\t\t\t<h2 class=\"elementor-heading-title elementor-size-default\">Durant quant de temps conservarem les seves dades?\n\n\n\n<\/h2>\t\t\t\t<\/div>\n\t\t\t\t<\/div>\n\t\t\t\t<div class=\"elementor-element elementor-element-24b47a4 elementor-widget elementor-widget-text-editor\" data-id=\"24b47a4\" data-element_type=\"widget\" data-e-type=\"widget\" data-widget_type=\"text-editor.default\">\n\t\t\t\t<div class=\"elementor-widget-container\">\n\t\t\t\t\t\t\t\t\t<p>Les dades que siguin objecte de tractament es conservaran en el sistema d\u2019informaci\u00f3 durant el temps imprescindible per decidir sobre si escau iniciar una recerca sobre els fets informats, aix\u00ed com per evidenciar el funcionament correcte del sistema.<\/p>\n<p>No obstant aix\u00f2, s\u2019atendr\u00e0, en tot cas, als terminis disposats en la Llei 2\/2023, de 20 de febrer, reguladora de la protecci\u00f3 de les persones que informin sobre infraccions normatives i de lluita contra la corrupci\u00f3.<\/p>\n\t\t\t\t\t\t\t\t<\/div>\n\t\t\t\t<\/div>\n\t\t<div class=\"elementor-element elementor-element-47a77df e-flex e-con-boxed elementor-invisible e-con e-child\" data-id=\"47a77df\" data-element_type=\"container\" data-e-type=\"container\" data-settings=\"{&quot;animation&quot;:&quot;fadeIn&quot;}\">\n\t\t\t\t\t<div class=\"e-con-inner\">\n\t\t\t\t<div class=\"elementor-element elementor-element-1ba10e8 elementor-widget elementor-widget-heading\" data-id=\"1ba10e8\" data-element_type=\"widget\" data-e-type=\"widget\" data-widget_type=\"heading.default\">\n\t\t\t\t<div class=\"elementor-widget-container\">\n\t\t\t\t\t<h2 class=\"elementor-heading-title elementor-size-default\">A quins destinataris es comunicaran les seves dades?\n\n\n\n\n<\/h2>\t\t\t\t<\/div>\n\t\t\t\t<\/div>\n\t\t\t\t<div class=\"elementor-element elementor-element-37f8d2d elementor-widget elementor-widget-text-editor\" data-id=\"37f8d2d\" data-element_type=\"widget\" data-e-type=\"widget\" data-widget_type=\"text-editor.default\">\n\t\t\t\t<div class=\"elementor-widget-container\">\n\t\t\t\t\t\t\t\t\t<p>Les dades podrien comunicar-se a altres destinataris quan sigui necessari en el marc de la investigaci\u00f3 d\u2019uns fets concrets, com ara investigadors \/ detectius privats i assessors externs, aix\u00ed com advocats i procuradors per a la tramitaci\u00f3 dels procediments sancionadors o penals que escaiguin.<\/p>\n<p>Les dades tamb\u00e9 podran ser comunicades al Ministeri Fiscal, les forces i cossos de seguretat, aix\u00ed com a autoritats judicials o administratives quan sigui pertinent o necessari.<\/p>\n\t\t\t\t\t\t\t\t<\/div>\n\t\t\t\t<\/div>\n\t\t<div class=\"elementor-element elementor-element-9db170d e-flex e-con-boxed elementor-invisible e-con e-child\" data-id=\"9db170d\" data-element_type=\"container\" data-e-type=\"container\" data-settings=\"{&quot;animation&quot;:&quot;fadeIn&quot;}\">\n\t\t\t\t\t<div class=\"e-con-inner\">\n\t\t\t\t<div class=\"elementor-element elementor-element-03255a8 elementor-widget elementor-widget-heading\" data-id=\"03255a8\" data-element_type=\"widget\" data-e-type=\"widget\" data-widget_type=\"heading.default\">\n\t\t\t\t<div class=\"elementor-widget-container\">\n\t\t\t\t\t<h2 class=\"elementor-heading-title elementor-size-default\">Quins s\u00f3n els seus drets?\n\n\n\n\n\n<\/h2>\t\t\t\t<\/div>\n\t\t\t\t<\/div>\n\t\t\t\t<div class=\"elementor-element elementor-element-5ccc438 elementor-widget elementor-widget-text-editor\" data-id=\"5ccc438\" data-element_type=\"widget\" data-e-type=\"widget\" data-widget_type=\"text-editor.default\">\n\t\t\t\t<div class=\"elementor-widget-container\">\n\t\t\t\t\t\t\t\t\t<p>Pot sol\u00b7licitar a la Companyia confirmaci\u00f3 sobre si les seves dades personals estan sent tractades en el marc de la gesti\u00f3 del Canal \u00c8tic i, en cas afirmatiu, accedir-hi i sol\u00b7licitar-ne una c\u00f2pia d\u2019aquests. Aix\u00ed mateix, pot sol\u00b7licitar la rectificaci\u00f3 de les dades inexactes o, si escau, sol\u00b7licitar la seva supressi\u00f3 quan, entre altres motius, les dades ja no siguin necess\u00e0ries per a les finalitats per a les quals es van recollir. <\/p>\n<p>Tingui en compte que en tot cas s\u2019exclour\u00e0 del dret d\u2019acc\u00e9s la identitat de qualsevol persona informant altres tercers implicats. Tamb\u00e9 podr\u00e0 limitar-se l\u2019exercici del dret d\u2019acc\u00e9s quan pugui posar en perill o incidir, directament o indirectament, en el curs d\u2019una investigaci\u00f3. <\/p>\n<p>En el cas que la persona a la qual es refereixin els fets relatats en la comunicaci\u00f3 o a la qual es refereixi la revelaci\u00f3 p\u00fablica exerc\u00eds el dret d\u2019oposici\u00f3, es presumir\u00e0 que, excepte prova en contrari, existeixen motius leg\u00edtims imperiosos que legitimen el tractament de les seves dades personals.<\/p>\n<p>Per exercir els drets citats, haur\u00e0 d\u2019adre\u00e7ar una comunicaci\u00f3 escrita o electr\u00f2nica les adreces de contacte facilitades en el primer ep\u00edgraf d\u2019aquesta pol\u00edtica.<\/p>\n<p>Finalment, se l\u2019informa del seu dret a presentar una reclamaci\u00f3 davant l\u2019Ag\u00e8ncia Espanyola de Protecci\u00f3 de Dades.<\/p>\n\t\t\t\t\t\t\t\t<\/div>\n\t\t\t\t<\/div>\n\t\t\t\t\t<\/div>\n\t\t\t\t<\/div>\n\t\t\t\t\t<\/div>\n\t\t\t\t<\/div>\n\t\t\t\t\t<\/div>\n\t\t\t\t<\/div>\n\t\t\t\t\t<\/div>\n\t\t\t\t<\/div>\n\t\t\t\t\t<\/div>\n\t\t\t\t<\/div>\n\t\t\t\t<\/div>\n\t\t\t\t\t<\/div>\n\t\t\t\t<\/div>\n\t\t\t\t<\/div>\n\t\t","protected":false},"excerpt":{"rendered":"<p>Pol\u00edtica de Privadesa del Canal \u00c8tic Qui \u00e9s el Responsable del Tractament de les seves dades? Identitat: LAFUENTE SERVICIOS INTEGRALES SL. (d&#8217;ara en avant, la \u201cCompanyia\u201d) CIF: B96265020 Dir. Postal: Comte Alessandro Volta, 2-4-6 Bloc III 46980 Paterna Val\u00e8ncia Delegat de Protecci\u00f3 de dades (*DPD): Vost\u00e9 pot contactar amb el Delegat de Protecci\u00f3 de Dades [&hellip;]<\/p>\n","protected":false},"author":1,"featured_media":1278,"parent":0,"menu_order":0,"comment_status":"closed","ping_status":"closed","template":"elementor_header_footer","meta":{"footnotes":""},"class_list":["post-27156","page","type-page","status-publish","has-post-thumbnail","hentry"],"yoast_head":"<!-- This site is optimized with the Yoast SEO plugin v27.3 - https:\/\/yoast.com\/product\/yoast-seo-wordpress\/ -->\n<title>Pol\u00edtica de Privadesa del Canal \u00c8tic - Lafuente Servicios de Limpieza - Silafuente<\/title>\n<meta name=\"robots\" content=\"index, follow, max-snippet:-1, max-image-preview:large, max-video-preview:-1\" \/>\n<link rel=\"canonical\" href=\"https:\/\/www.silafuente.es\/ca\/politica-de-privadesa-del-canal-etic\/\" \/>\n<meta property=\"og:locale\" content=\"en_US\" \/>\n<meta property=\"og:type\" content=\"article\" \/>\n<meta property=\"og:title\" content=\"Pol\u00edtica de Privadesa del Canal \u00c8tic - Lafuente Servicios de Limpieza - Silafuente\" \/>\n<meta property=\"og:description\" content=\"Pol\u00edtica de Privadesa del Canal \u00c8tic Qui \u00e9s el Responsable del Tractament de les seves dades? Identitat: LAFUENTE SERVICIOS INTEGRALES SL. (d&#8217;ara en avant, la \u201cCompanyia\u201d) CIF: B96265020 Dir. Postal: Comte Alessandro Volta, 2-4-6 Bloc III 46980 Paterna Val\u00e8ncia Delegat de Protecci\u00f3 de dades (*DPD): Vost\u00e9 pot contactar amb el Delegat de Protecci\u00f3 de Dades [&hellip;]\" \/>\n<meta property=\"og:url\" content=\"https:\/\/www.silafuente.es\/ca\/politica-de-privadesa-del-canal-etic\/\" \/>\n<meta property=\"og:site_name\" content=\"Lafuente Servicios de Limpieza - Silafuente\" \/>\n<meta property=\"article:modified_time\" content=\"2026-01-15T12:24:00+00:00\" \/>\n<meta property=\"og:image\" content=\"https:\/\/www.silafuente.es\/wp-content\/uploads\/2024\/01\/OUR-MISSION.jpg?wsr\" \/>\n\t<meta property=\"og:image:width\" content=\"400\" \/>\n\t<meta property=\"og:image:height\" content=\"380\" \/>\n\t<meta property=\"og:image:type\" content=\"image\/jpeg\" \/>\n<meta name=\"twitter:card\" content=\"summary_large_image\" \/>\n<meta name=\"twitter:label1\" content=\"Est. reading time\" \/>\n\t<meta name=\"twitter:data1\" content=\"3 minutes\" \/>\n<script type=\"application\/ld+json\" class=\"yoast-schema-graph\">{\"@context\":\"https:\\\/\\\/schema.org\",\"@graph\":[{\"@type\":\"WebPage\",\"@id\":\"https:\\\/\\\/www.silafuente.es\\\/ca\\\/politica-de-privadesa-del-canal-etic\\\/\",\"url\":\"https:\\\/\\\/www.silafuente.es\\\/ca\\\/politica-de-privadesa-del-canal-etic\\\/\",\"name\":\"Pol\u00edtica de Privadesa del Canal \u00c8tic - Lafuente Servicios de Limpieza - Silafuente\",\"isPartOf\":{\"@id\":\"https:\\\/\\\/www.silafuente.es\\\/#website\"},\"primaryImageOfPage\":{\"@id\":\"https:\\\/\\\/www.silafuente.es\\\/ca\\\/politica-de-privadesa-del-canal-etic\\\/#primaryimage\"},\"image\":{\"@id\":\"https:\\\/\\\/www.silafuente.es\\\/ca\\\/politica-de-privadesa-del-canal-etic\\\/#primaryimage\"},\"thumbnailUrl\":\"https:\\\/\\\/www.silafuente.es\\\/wp-content\\\/uploads\\\/2024\\\/01\\\/OUR-MISSION.jpg?wsr\",\"datePublished\":\"2024-05-14T13:43:04+00:00\",\"dateModified\":\"2026-01-15T12:24:00+00:00\",\"breadcrumb\":{\"@id\":\"https:\\\/\\\/www.silafuente.es\\\/ca\\\/politica-de-privadesa-del-canal-etic\\\/#breadcrumb\"},\"inLanguage\":\"va\",\"potentialAction\":[{\"@type\":\"ReadAction\",\"target\":[\"https:\\\/\\\/www.silafuente.es\\\/ca\\\/politica-de-privadesa-del-canal-etic\\\/\"]}]},{\"@type\":\"ImageObject\",\"inLanguage\":\"va\",\"@id\":\"https:\\\/\\\/www.silafuente.es\\\/ca\\\/politica-de-privadesa-del-canal-etic\\\/#primaryimage\",\"url\":\"https:\\\/\\\/www.silafuente.es\\\/wp-content\\\/uploads\\\/2024\\\/01\\\/OUR-MISSION.jpg?wsr\",\"contentUrl\":\"https:\\\/\\\/www.silafuente.es\\\/wp-content\\\/uploads\\\/2024\\\/01\\\/OUR-MISSION.jpg?wsr\",\"width\":400,\"height\":380,\"caption\":\"mantenimiento-de-piscinas\"},{\"@type\":\"BreadcrumbList\",\"@id\":\"https:\\\/\\\/www.silafuente.es\\\/ca\\\/politica-de-privadesa-del-canal-etic\\\/#breadcrumb\",\"itemListElement\":[{\"@type\":\"ListItem\",\"position\":1,\"name\":\"Portada\",\"item\":\"https:\\\/\\\/www.silafuente.es\\\/\"},{\"@type\":\"ListItem\",\"position\":2,\"name\":\"Pol\u00edtica de Privadesa del Canal \u00c8tic\"}]},{\"@type\":\"WebSite\",\"@id\":\"https:\\\/\\\/www.silafuente.es\\\/#website\",\"url\":\"https:\\\/\\\/www.silafuente.es\\\/\",\"name\":\"Lafuente Servicios de Limpieza - Silafuente\",\"description\":\"\",\"publisher\":{\"@id\":\"https:\\\/\\\/www.silafuente.es\\\/#organization\"},\"potentialAction\":[{\"@type\":\"SearchAction\",\"target\":{\"@type\":\"EntryPoint\",\"urlTemplate\":\"https:\\\/\\\/www.silafuente.es\\\/?s={search_term_string}\"},\"query-input\":{\"@type\":\"PropertyValueSpecification\",\"valueRequired\":true,\"valueName\":\"search_term_string\"}}],\"inLanguage\":\"va\"},{\"@type\":\"Organization\",\"@id\":\"https:\\\/\\\/www.silafuente.es\\\/#organization\",\"name\":\"Lafuente Servicios de Limpieza - Silafuente\",\"url\":\"https:\\\/\\\/www.silafuente.es\\\/\",\"logo\":{\"@type\":\"ImageObject\",\"inLanguage\":\"va\",\"@id\":\"https:\\\/\\\/www.silafuente.es\\\/#\\\/schema\\\/logo\\\/image\\\/\",\"url\":\"https:\\\/\\\/www.silafuente.es\\\/wp-content\\\/uploads\\\/2024\\\/04\\\/cropped-favicon_LaFuente.png\",\"contentUrl\":\"https:\\\/\\\/www.silafuente.es\\\/wp-content\\\/uploads\\\/2024\\\/04\\\/cropped-favicon_LaFuente.png\",\"width\":512,\"height\":512,\"caption\":\"Lafuente Servicios de Limpieza - Silafuente\"},\"image\":{\"@id\":\"https:\\\/\\\/www.silafuente.es\\\/#\\\/schema\\\/logo\\\/image\\\/\"}}]}<\/script>\n<!-- \/ Yoast SEO plugin. -->","yoast_head_json":{"title":"Pol\u00edtica de Privadesa del Canal \u00c8tic - Lafuente Servicios de Limpieza - Silafuente","robots":{"index":"index","follow":"follow","max-snippet":"max-snippet:-1","max-image-preview":"max-image-preview:large","max-video-preview":"max-video-preview:-1"},"canonical":"https:\/\/www.silafuente.es\/ca\/politica-de-privadesa-del-canal-etic\/","og_locale":"en_US","og_type":"article","og_title":"Pol\u00edtica de Privadesa del Canal \u00c8tic - Lafuente Servicios de Limpieza - Silafuente","og_description":"Pol\u00edtica de Privadesa del Canal \u00c8tic Qui \u00e9s el Responsable del Tractament de les seves dades? Identitat: LAFUENTE SERVICIOS INTEGRALES SL. (d&#8217;ara en avant, la \u201cCompanyia\u201d) CIF: B96265020 Dir. Postal: Comte Alessandro Volta, 2-4-6 Bloc III 46980 Paterna Val\u00e8ncia Delegat de Protecci\u00f3 de dades (*DPD): Vost\u00e9 pot contactar amb el Delegat de Protecci\u00f3 de Dades [&hellip;]","og_url":"https:\/\/www.silafuente.es\/ca\/politica-de-privadesa-del-canal-etic\/","og_site_name":"Lafuente Servicios de Limpieza - Silafuente","article_modified_time":"2026-01-15T12:24:00+00:00","og_image":[{"width":400,"height":380,"url":"https:\/\/www.silafuente.es\/wp-content\/uploads\/2024\/01\/OUR-MISSION.jpg?wsr","type":"image\/jpeg"}],"twitter_card":"summary_large_image","twitter_misc":{"Est. reading time":"3 minutes"},"schema":{"@context":"https:\/\/schema.org","@graph":[{"@type":"WebPage","@id":"https:\/\/www.silafuente.es\/ca\/politica-de-privadesa-del-canal-etic\/","url":"https:\/\/www.silafuente.es\/ca\/politica-de-privadesa-del-canal-etic\/","name":"Pol\u00edtica de Privadesa del Canal \u00c8tic - Lafuente Servicios de Limpieza - Silafuente","isPartOf":{"@id":"https:\/\/www.silafuente.es\/#website"},"primaryImageOfPage":{"@id":"https:\/\/www.silafuente.es\/ca\/politica-de-privadesa-del-canal-etic\/#primaryimage"},"image":{"@id":"https:\/\/www.silafuente.es\/ca\/politica-de-privadesa-del-canal-etic\/#primaryimage"},"thumbnailUrl":"https:\/\/www.silafuente.es\/wp-content\/uploads\/2024\/01\/OUR-MISSION.jpg?wsr","datePublished":"2024-05-14T13:43:04+00:00","dateModified":"2026-01-15T12:24:00+00:00","breadcrumb":{"@id":"https:\/\/www.silafuente.es\/ca\/politica-de-privadesa-del-canal-etic\/#breadcrumb"},"inLanguage":"va","potentialAction":[{"@type":"ReadAction","target":["https:\/\/www.silafuente.es\/ca\/politica-de-privadesa-del-canal-etic\/"]}]},{"@type":"ImageObject","inLanguage":"va","@id":"https:\/\/www.silafuente.es\/ca\/politica-de-privadesa-del-canal-etic\/#primaryimage","url":"https:\/\/www.silafuente.es\/wp-content\/uploads\/2024\/01\/OUR-MISSION.jpg?wsr","contentUrl":"https:\/\/www.silafuente.es\/wp-content\/uploads\/2024\/01\/OUR-MISSION.jpg?wsr","width":400,"height":380,"caption":"mantenimiento-de-piscinas"},{"@type":"BreadcrumbList","@id":"https:\/\/www.silafuente.es\/ca\/politica-de-privadesa-del-canal-etic\/#breadcrumb","itemListElement":[{"@type":"ListItem","position":1,"name":"Portada","item":"https:\/\/www.silafuente.es\/"},{"@type":"ListItem","position":2,"name":"Pol\u00edtica de Privadesa del Canal \u00c8tic"}]},{"@type":"WebSite","@id":"https:\/\/www.silafuente.es\/#website","url":"https:\/\/www.silafuente.es\/","name":"Lafuente Servicios de Limpieza - Silafuente","description":"","publisher":{"@id":"https:\/\/www.silafuente.es\/#organization"},"potentialAction":[{"@type":"SearchAction","target":{"@type":"EntryPoint","urlTemplate":"https:\/\/www.silafuente.es\/?s={search_term_string}"},"query-input":{"@type":"PropertyValueSpecification","valueRequired":true,"valueName":"search_term_string"}}],"inLanguage":"va"},{"@type":"Organization","@id":"https:\/\/www.silafuente.es\/#organization","name":"Lafuente Servicios de Limpieza - Silafuente","url":"https:\/\/www.silafuente.es\/","logo":{"@type":"ImageObject","inLanguage":"va","@id":"https:\/\/www.silafuente.es\/#\/schema\/logo\/image\/","url":"https:\/\/www.silafuente.es\/wp-content\/uploads\/2024\/04\/cropped-favicon_LaFuente.png","contentUrl":"https:\/\/www.silafuente.es\/wp-content\/uploads\/2024\/04\/cropped-favicon_LaFuente.png","width":512,"height":512,"caption":"Lafuente Servicios de Limpieza - Silafuente"},"image":{"@id":"https:\/\/www.silafuente.es\/#\/schema\/logo\/image\/"}}]}},"_links":{"self":[{"href":"https:\/\/www.silafuente.es\/ca\/wp-json\/wp\/v2\/pages\/27156","targetHints":{"allow":["GET"]}}],"collection":[{"href":"https:\/\/www.silafuente.es\/ca\/wp-json\/wp\/v2\/pages"}],"about":[{"href":"https:\/\/www.silafuente.es\/ca\/wp-json\/wp\/v2\/types\/page"}],"author":[{"embeddable":true,"href":"https:\/\/www.silafuente.es\/ca\/wp-json\/wp\/v2\/users\/1"}],"replies":[{"embeddable":true,"href":"https:\/\/www.silafuente.es\/ca\/wp-json\/wp\/v2\/comments?post=27156"}],"version-history":[{"count":1,"href":"https:\/\/www.silafuente.es\/ca\/wp-json\/wp\/v2\/pages\/27156\/revisions"}],"predecessor-version":[{"id":27157,"href":"https:\/\/www.silafuente.es\/ca\/wp-json\/wp\/v2\/pages\/27156\/revisions\/27157"}],"wp:featuredmedia":[{"embeddable":true,"href":"https:\/\/www.silafuente.es\/ca\/wp-json\/wp\/v2\/media\/1278"}],"wp:attachment":[{"href":"https:\/\/www.silafuente.es\/ca\/wp-json\/wp\/v2\/media?parent=27156"}],"curies":[{"name":"wp","href":"https:\/\/api.w.org\/{rel}","templated":true}]}}